{"id":160,"date":"2026-03-26T10:59:31","date_gmt":"2026-03-26T10:59:31","guid":{"rendered":"https:\/\/bernhardkempen.de\/?page_id=160"},"modified":"2026-03-26T10:59:43","modified_gmt":"2026-03-26T10:59:43","slug":"datenschutz","status":"publish","type":"page","link":"https:\/\/bernhardkempen.de\/?page_id=160","title":{"rendered":"Datenschutz"},"content":{"rendered":"\n<p><strong>Datenschutzerkl\u00e4rung<\/strong><\/p>\n\n\n\n<ol start=\"1\" class=\"wp-block-list\">\n<li>Allgemeine Hinweise<br>Der Schutz Ihrer pers\u00f6nlichen Daten ist uns wichtig. Personenbezogene Daten werden auf dieser Website nur im notwendigen Umfang verarbeitet.<\/li>\n\n\n\n<li>Verantwortlicher<br>Bernhard Kempen<br>Im Lindenhof 13, 53773 Hennef<br>E-Mail: bernhard.j.w.kempen@gmail.com<\/li>\n\n\n\n<li>Hosting<br>Diese Website wird bei einem externen Dienstleister (Hosting-Anbieter) betrieben. Dabei werden automatisch Daten wie IP-Adresse, Datum und Uhrzeit der Anfrage sowie Browserinformationen in sogenannten Server-Logfiles gespeichert. Diese Daten dienen der technischen Bereitstellung und Sicherheit der Website.<\/li>\n\n\n\n<li>Kontaktaufnahme<br>Wenn Sie uns per E-Mail kontaktieren, werden Ihre Angaben zur Bearbeitung der Anfrage gespeichert. Diese Daten geben wir nicht ohne Ihre Einwilligung weiter.<\/li>\n\n\n\n<li>Cookies<br>Diese Website verwendet nur technisch notwendige Cookies, die f\u00fcr den Betrieb der Seite erforderlich sind.<\/li>\n\n\n\n<li>Ihre Rechte<br>Sie haben jederzeit das Recht auf Auskunft \u00fcber Ihre gespeicherten personenbezogenen Daten sowie auf Berichtigung oder L\u00f6schung dieser Daten.<\/li>\n\n\n\n<li>SSL- bzw. TLS-Verschl\u00fcsselung<br>Diese Seite nutzt aus Sicherheitsgr\u00fcnden eine SSL- bzw. TLS-Verschl\u00fcsselung.<\/li>\n<\/ol>\n","protected":false},"excerpt":{"rendered":"<p>Datenschutzerkl\u00e4rung<\/p>\n","protected":false},"author":1,"featured_media":0,"parent":0,"menu_order":0,"comment_status":"closed","ping_status":"closed","template":"","meta":{"site-sidebar-layout":"default","site-content-layout":"","ast-site-content-layout":"default","site-content-style":"default","site-sidebar-style":"default","ast-global-header-display":"","ast-banner-title-visibility":"","ast-main-header-display":"","ast-hfb-above-header-display":"","ast-hfb-below-header-display":"","ast-hfb-mobile-header-display":"","site-post-title":"","ast-breadcrumbs-content":"","ast-featured-img":"","footer-sml-layout":"","ast-disable-related-posts":"","theme-transparent-header-meta":"","adv-header-id-meta":"","stick-header-meta":"","header-above-stick-meta":"","header-main-stick-meta":"","header-below-stick-meta":"","astra-migrate-meta-layouts":"default","ast-page-background-enabled":"default","ast-page-background-meta":{"desktop":{"background-color":"var(--ast-global-color-5)","background-image":"","background-repeat":"repeat","background-position":"center center","background-size":"auto","background-attachment":"scroll","background-type":"","background-media":"","overlay-type":"","overlay-color":"","overlay-opacity":"","overlay-gradient":""},"tablet":{"background-color":"","background-image":"","background-repeat":"repeat","background-position":"center center","background-size":"auto","background-attachment":"scroll","background-type":"","background-media":"","overlay-type":"","overlay-color":"","overlay-opacity":"","overlay-gradient":""},"mobile":{"background-color":"","background-image":"","background-repeat":"repeat","background-position":"center center","background-size":"auto","background-attachment":"scroll","background-type":"","background-media":"","overlay-type":"","overlay-color":"","overlay-opacity":"","overlay-gradient":""}},"ast-content-background-meta":{"desktop":{"background-color":"var(--ast-global-color-4)","background-image":"","background-repeat":"repeat","background-position":"center center","background-size":"auto","background-attachment":"scroll","background-type":"","background-media":"","overlay-type":"","overlay-color":"","overlay-opacity":"","overlay-gradient":""},"tablet":{"background-color":"var(--ast-global-color-4)","background-image":"","background-repeat":"repeat","background-position":"center center","background-size":"auto","background-attachment":"scroll","background-type":"","background-media":"","overlay-type":"","overlay-color":"","overlay-opacity":"","overlay-gradient":""},"mobile":{"background-color":"var(--ast-global-color-4)","background-image":"","background-repeat":"repeat","background-position":"center center","background-size":"auto","background-attachment":"scroll","background-type":"","background-media":"","overlay-type":"","overlay-color":"","overlay-opacity":"","overlay-gradient":""}},"footnotes":""},"class_list":["post-160","page","type-page","status-publish","hentry"],"_links":{"self":[{"href":"https:\/\/bernhardkempen.de\/index.php?rest_route=\/wp\/v2\/pages\/160","targetHints":{"allow":["GET"]}}],"collection":[{"href":"https:\/\/bernhardkempen.de\/index.php?rest_route=\/wp\/v2\/pages"}],"about":[{"href":"https:\/\/bernhardkempen.de\/index.php?rest_route=\/wp\/v2\/types\/page"}],"author":[{"embeddable":true,"href":"https:\/\/bernhardkempen.de\/index.php?rest_route=\/wp\/v2\/users\/1"}],"replies":[{"embeddable":true,"href":"https:\/\/bernhardkempen.de\/index.php?rest_route=%2Fwp%2Fv2%2Fcomments&post=160"}],"version-history":[{"count":2,"href":"https:\/\/bernhardkempen.de\/index.php?rest_route=\/wp\/v2\/pages\/160\/revisions"}],"predecessor-version":[{"id":162,"href":"https:\/\/bernhardkempen.de\/index.php?rest_route=\/wp\/v2\/pages\/160\/revisions\/162"}],"wp:attachment":[{"href":"https:\/\/bernhardkempen.de\/index.php?rest_route=%2Fwp%2Fv2%2Fmedia&parent=160"}],"curies":[{"name":"wp","href":"https:\/\/api.w.org\/{rel}","templated":true}]}}